{"id":800,"date":"2019-03-15T01:00:00","date_gmt":"2019-03-15T01:00:00","guid":{"rendered":"http:\/\/www.royalclassicdev.com\/?page_id=800"},"modified":"2019-03-15T01:00:00","modified_gmt":"2019-03-15T01:00:00","slug":"allgemeine-geschaeftsbedingungen","status":"publish","type":"page","link":"https:\/\/royal-classic.at\/de\/allgemeine-geschaeftsbedingungen\/","title":{"rendered":"Allgemeine Gesch\u00e4ftsbedingungen"},"content":{"rendered":"\n<p><strong>Allgemeine Gesch\u00e4ftsbedingungen <\/strong><\/p>\n\n\n\n<p>Wir sind bestrebt, Konzerte mit hohem Niveau f\u00fcr unsere Kunden anzubieten. Das erreichen wir dadurch, dass wir uns im Bereich klassische Konzerte spezialisiert haben.<\/p>\n\n\n\n<p>Bezahlung<br>\nSie k\u00f6nnen Ihre Bestellungen online per Kreditkarte bezahlen.<br>\nWir akzeptieren Visa, MasterCard\/Eurocard, JCB, American Express and Diners .<br>\nAuch \u00dabertragungen auf unserem Konto nach der Nachfrage sind m\u00f6glich.<br>\nAngezeigte Preise im Euro (\u20ac) sind obligatorisch!<\/p>\n\n\n\n<p>Wie erhalte ich meine bestellten Tickets?<br>\nDie bestellten Tickets werden an der Abendkassa direkt vor Konzertbeginn abgeholt. Dazu m\u00fcssen Sie nur Ihre Kaufbest\u00e4tigung vorlegen. Falls der Kunde Tickets zu erm\u00e4\u00dfigten Preisen bekommen hat, m\u00fcssen die betreffenden Ausweise auch vorgelegt werden. Diese k\u00f6nnten beispielsweise Tickets mit Studentenrabatt sein &#8211; der Kunde m\u00fcsste in diesem Fall seinen Studentenausweis vorlegen.<br>\nPlease show your ID-Card (Voucher) and your order confirmation there to get your tickets.<\/p>\n\n\n\n<p>Stornierungen oder Umbuchungen von Tickets.<br>\n48 Stunden vor dem Konzerttermin ist leider keine Stornierung der bestellte Karten m\u00f6glich.<br>\nDie Umbuchung von bestellten Karten ist 48 Stunden vom Konzertbeginn leider nicht m\u00f6glich.<br>\nBei Bestellungen ab 10(&#8222;zehn&#8220;) Tickets kann der Kunde sp\u00e4testens 7 Tage vor dem Konzerttermin stornieren, dabei bekommt er 80% des Kaufbetrages zur\u00fcck.<\/p>\n\n\n\n<p>Was passiert mit den Karten, wenn die Veranstaltung ausf\u00e4llt?<br>\nWenn die Veranstaltung ausf\u00e4llt, erstatten wir Ihnen selbstverst\u00e4ndlich den Kaufbetrag. Sie m\u00fcssen dazu nichts tun. Es gibt keine Tickets, die Sie zur\u00fcckschicken m\u00fcssen.<br>\nInnerhalb von 2 Monaten sollte Ihr Geld wieder auf Ihrem Konto sein. Nach unseren Erfahrungen erh\u00e4lt der Kunde das Geld schon innerhalb von zwei Wochen. Falls Sie Ihr Geld nach 2 Monaten noch nicht erhalten haben, schicken Sie uns bitte eine E-Mail an office@royal-classic.at und wir k\u00fcmmern uns sofort darum.<\/p>\n\n\n\n<p>Datenschutz<br>\nDer Schutz der personenbezogenen Daten unserer Kunden ist die Grundlage eines vertrauensvollen Verh\u00e4ltnisses zwischen Ihnen und uns. Wenn Sie bei www.royal-classic.atbestellen, ben\u00f6tigen wir Name, Anschrift, E-Mail-Adresse, Telefonnummer sowie Ihre Zahlungsdaten. Diese Daten sind f\u00fcr die Abwicklung einer Bestellung notwendig.<br>\nWir verpflichten uns die Informationen, die der Zahlungsvorg\u00e4nge dienen, umgehend nach der Leistungserbringung zu l\u00f6schen.<\/p>\n","protected":false},"excerpt":{"rendered":"<p>Allgemeine Gesch\u00e4ftsbedingungen Wir sind bestrebt, Konzerte mit hohem Niveau f\u00fcr unsere Kunden anzubieten. Das erreichen wir dadurch, dass wir uns im Bereich klassische Konzerte spezialisiert haben. Bezahlung Sie k\u00f6nnen Ihre Bestellungen online per Kreditkarte bezahlen. Wir akzeptieren Visa, MasterCard\/Eurocard, JCB, American Express and Diners . Auch \u00dabertragungen auf unserem Konto nach der Nachfrage sind m\u00f6glich. [&hellip;]<\/p>\n","protected":false},"author":1,"featured_media":0,"parent":0,"menu_order":4,"comment_status":"closed","ping_status":"closed","template":"","meta":{"footnotes":""},"class_list":["post-800","page","type-page","status-publish","hentry"],"acf":[],"yoast_head":"<!-- This site is optimized with the Yoast SEO plugin v18.1 - https:\/\/yoast.com\/wordpress\/plugins\/seo\/ -->\n<meta name=\"robots\" content=\"index, follow, max-snippet:-1, max-image-preview:large, max-video-preview:-1\" \/>\n<link rel=\"canonical\" href=\"https:\/\/royal-classic.at\/de\/allgemeine-geschaeftsbedingungen\/\" \/>\n<meta property=\"og:locale\" content=\"de_DE\" \/>\n<meta property=\"og:type\" content=\"article\" \/>\n<meta property=\"og:title\" content=\"Allgemeine Gesch\u00e4ftsbedingungen - Wiener Royal Orchester\" \/>\n<meta property=\"og:description\" content=\"Allgemeine Gesch\u00e4ftsbedingungen Wir sind bestrebt, Konzerte mit hohem Niveau f\u00fcr unsere Kunden anzubieten. Das erreichen wir dadurch, dass wir uns im Bereich klassische Konzerte spezialisiert haben. Bezahlung Sie k\u00f6nnen Ihre Bestellungen online per Kreditkarte bezahlen. Wir akzeptieren Visa, MasterCard\/Eurocard, JCB, American Express and Diners . Auch \u00dabertragungen auf unserem Konto nach der Nachfrage sind m\u00f6glich. [&hellip;]\" \/>\n<meta property=\"og:url\" content=\"https:\/\/royal-classic.at\/de\/allgemeine-geschaeftsbedingungen\/\" \/>\n<meta property=\"og:site_name\" content=\"Wiener Royal Orchester\" \/>\n<meta name=\"twitter:card\" content=\"summary_large_image\" \/>\n<meta name=\"twitter:label1\" content=\"Gesch\u00e4tzte Lesezeit\" \/>\n\t<meta name=\"twitter:data1\" content=\"2\u00a0Minuten\" \/>\n<script type=\"application\/ld+json\" class=\"yoast-schema-graph\">{\"@context\":\"https:\/\/schema.org\",\"@graph\":[{\"@type\":\"WebSite\",\"@id\":\"https:\/\/royal-classic.at\/#website\",\"url\":\"https:\/\/royal-classic.at\/\",\"name\":\"Wiener Royal Orchester\",\"description\":\"\",\"potentialAction\":[{\"@type\":\"SearchAction\",\"target\":{\"@type\":\"EntryPoint\",\"urlTemplate\":\"https:\/\/royal-classic.at\/?s={search_term_string}\"},\"query-input\":\"required name=search_term_string\"}],\"inLanguage\":\"de\"},{\"@type\":\"WebPage\",\"@id\":\"https:\/\/royal-classic.at\/de\/allgemeine-geschaeftsbedingungen\/#webpage\",\"url\":\"https:\/\/royal-classic.at\/de\/allgemeine-geschaeftsbedingungen\/\",\"name\":\"Allgemeine Gesch\u00e4ftsbedingungen - Wiener Royal Orchester\",\"isPartOf\":{\"@id\":\"https:\/\/royal-classic.at\/#website\"},\"datePublished\":\"2019-03-15T01:00:00+00:00\",\"dateModified\":\"2019-03-15T01:00:00+00:00\",\"breadcrumb\":{\"@id\":\"https:\/\/royal-classic.at\/de\/allgemeine-geschaeftsbedingungen\/#breadcrumb\"},\"inLanguage\":\"de\",\"potentialAction\":[{\"@type\":\"ReadAction\",\"target\":[\"https:\/\/royal-classic.at\/de\/allgemeine-geschaeftsbedingungen\/\"]}]},{\"@type\":\"BreadcrumbList\",\"@id\":\"https:\/\/royal-classic.at\/de\/allgemeine-geschaeftsbedingungen\/#breadcrumb\",\"itemListElement\":[{\"@type\":\"ListItem\",\"position\":1,\"name\":\"Home\",\"item\":\"https:\/\/royal-classic.at\/de\/\"},{\"@type\":\"ListItem\",\"position\":2,\"name\":\"Allgemeine Gesch\u00e4ftsbedingungen\"}]}]}<\/script>\n<!-- \/ Yoast SEO plugin. -->","yoast_head_json":{"robots":{"index":"index","follow":"follow","max-snippet":"max-snippet:-1","max-image-preview":"max-image-preview:large","max-video-preview":"max-video-preview:-1"},"canonical":"https:\/\/royal-classic.at\/de\/allgemeine-geschaeftsbedingungen\/","og_locale":"de_DE","og_type":"article","og_title":"Allgemeine Gesch\u00e4ftsbedingungen - Wiener Royal Orchester","og_description":"Allgemeine Gesch\u00e4ftsbedingungen Wir sind bestrebt, Konzerte mit hohem Niveau f\u00fcr unsere Kunden anzubieten. Das erreichen wir dadurch, dass wir uns im Bereich klassische Konzerte spezialisiert haben. Bezahlung Sie k\u00f6nnen Ihre Bestellungen online per Kreditkarte bezahlen. Wir akzeptieren Visa, MasterCard\/Eurocard, JCB, American Express and Diners . Auch \u00dabertragungen auf unserem Konto nach der Nachfrage sind m\u00f6glich. [&hellip;]","og_url":"https:\/\/royal-classic.at\/de\/allgemeine-geschaeftsbedingungen\/","og_site_name":"Wiener Royal Orchester","twitter_card":"summary_large_image","twitter_misc":{"Gesch\u00e4tzte Lesezeit":"2\u00a0Minuten"},"schema":{"@context":"https:\/\/schema.org","@graph":[{"@type":"WebSite","@id":"https:\/\/royal-classic.at\/#website","url":"https:\/\/royal-classic.at\/","name":"Wiener Royal Orchester","description":"","potentialAction":[{"@type":"SearchAction","target":{"@type":"EntryPoint","urlTemplate":"https:\/\/royal-classic.at\/?s={search_term_string}"},"query-input":"required name=search_term_string"}],"inLanguage":"de"},{"@type":"WebPage","@id":"https:\/\/royal-classic.at\/de\/allgemeine-geschaeftsbedingungen\/#webpage","url":"https:\/\/royal-classic.at\/de\/allgemeine-geschaeftsbedingungen\/","name":"Allgemeine Gesch\u00e4ftsbedingungen - Wiener Royal Orchester","isPartOf":{"@id":"https:\/\/royal-classic.at\/#website"},"datePublished":"2019-03-15T01:00:00+00:00","dateModified":"2019-03-15T01:00:00+00:00","breadcrumb":{"@id":"https:\/\/royal-classic.at\/de\/allgemeine-geschaeftsbedingungen\/#breadcrumb"},"inLanguage":"de","potentialAction":[{"@type":"ReadAction","target":["https:\/\/royal-classic.at\/de\/allgemeine-geschaeftsbedingungen\/"]}]},{"@type":"BreadcrumbList","@id":"https:\/\/royal-classic.at\/de\/allgemeine-geschaeftsbedingungen\/#breadcrumb","itemListElement":[{"@type":"ListItem","position":1,"name":"Home","item":"https:\/\/royal-classic.at\/de\/"},{"@type":"ListItem","position":2,"name":"Allgemeine Gesch\u00e4ftsbedingungen"}]}]}},"_links":{"self":[{"href":"https:\/\/royal-classic.at\/de\/wp-json\/wp\/v2\/pages\/800","targetHints":{"allow":["GET"]}}],"collection":[{"href":"https:\/\/royal-classic.at\/de\/wp-json\/wp\/v2\/pages"}],"about":[{"href":"https:\/\/royal-classic.at\/de\/wp-json\/wp\/v2\/types\/page"}],"author":[{"embeddable":true,"href":"https:\/\/royal-classic.at\/de\/wp-json\/wp\/v2\/users\/1"}],"replies":[{"embeddable":true,"href":"https:\/\/royal-classic.at\/de\/wp-json\/wp\/v2\/comments?post=800"}],"version-history":[{"count":0,"href":"https:\/\/royal-classic.at\/de\/wp-json\/wp\/v2\/pages\/800\/revisions"}],"wp:attachment":[{"href":"https:\/\/royal-classic.at\/de\/wp-json\/wp\/v2\/media?parent=800"}],"curies":[{"name":"wp","href":"https:\/\/api.w.org\/{rel}","templated":true}]}}