{"id":4994,"date":"2026-02-04T23:54:47","date_gmt":"2026-02-04T22:54:47","guid":{"rendered":"https:\/\/royal-classic.at\/?page_id=4994"},"modified":"2026-02-05T00:28:57","modified_gmt":"2026-02-04T23:28:57","slug":"imperial-hall","status":"publish","type":"page","link":"https:\/\/royal-classic.at\/de\/halls\/imperial-hall\/","title":{"rendered":"Imperial Hall"},"content":{"rendered":"<\/div>\r\n<div class=\"container-fluid\">\r\n    <article class=\"m06\">\r\n        <div class=\"background-image-container\">\r\n            <div class=\"background-image\"\r\n                 style=\"background: url(https:\/\/royal-classic.at\/wp-content\/uploads\/2026\/02\/10-OK.jpg) no-repeat center;\">\r\n            <\/div>\r\n        <\/div>\r\n    <\/article>\r\n<\/div>\r\n<div class=\"container\">\r\n    \n\n<article class=\"m09\">\r\n    <div class=\"row align-items-center h-100\">\r\n        <div class=\"col-lg-6\">\r\n            <div class=\"row\">\r\n                                    <div class=\"col-12\">\r\n                        <p class=\"eyebrow jazzberry-jam\">Halls<\/p>\r\n                    <\/div>\r\n                                                        <div class=\"col-12\">\r\n                        <h1>Royal Kammerorchester <\/h1>\r\n                    <\/div>\r\n                                                        <div class=\"col-12\">\r\n                        <p class=\"the-text\">Mit ihrer Geschichte als eines der eindrucksvollsten Geb\u00e4ude Wiens begeistert die Imperial Hall am Beethovenplatz 1 mit ihrer imposanten Architektur im neugotischen Stil. Entworfen von Friedrich Schmidt, dem leitenden Architekten des Stephansdoms, verk\u00f6rpert dieser Ort den Geist des klassischen Wiens.<br \/>\r\n<br \/>\r\nVor dieser einzigartigen Kulisse erleben Sie unsere Konzerte in herausragender Klangqualit\u00e4t. Lassen Sie sich bei jeder Auff\u00fchrung in die magische Welt der klassischen Musik entf\u00fchren \u2013 in einem der sch\u00f6nsten Veranstaltungsorte, die Wien zu bieten hat: der Imperial Hall.<\/p>\r\n                    <\/div>\r\n                                <\/div>\r\n        <\/div>\r\n        <div class=\"col-lg-6 text-center\">\r\n                            <img decoding=\"async\" src=\"https:\/\/royal-classic.at\/wp-content\/uploads\/2026\/02\/12-OK.jpg\" alt=\"\"\r\n                     class=\"img-fluid\"\/>\r\n                    <\/div>\r\n    <\/div>\r\n<\/article>\r\n\n\n<\/div>\r\n<article class=\"m04\">\r\n    <div class=\"container-fluid\">\r\n        <div class=\"row row align-items-center h-100\">\r\n            <div class=\"col-lg-5 col-md-12 image-or-video\">\r\n                                        <img decoding=\"async\" src=\"https:\/\/royal-classic.at\/wp-content\/uploads\/2026\/02\/11-OK.jpg\" alt=\"\"\r\n                             class=\"img-fluid\"\/>\r\n                                <\/div>\r\n            <div class=\"cl-lg-7 col-md-12 text-or-list list-padding\">\r\n\r\n\r\n                                    <div class=\"text-list-box\">\r\n                        <p class=\"eyebrow mandys-pink\">Programm<\/p>\r\n                    <\/div>\r\n                                                        <div class=\"text-list-box\">\r\n                        <h1 class=\"white\">Erinnerungen, die f\u00fcr immer bleiben \u2013 kommende Konzerte<\/h1>\r\n                    <\/div>\r\n                                                                            <\/div>\r\n<\/article>\r\n<div class=\"container\">\n\n<article class=\"m15\">\r\n    <div class=\"row\">\r\n                    <div class=\"col-12\">\r\n                <p class=\"eyebrow jazzberry-jam\">Sitzplan<\/p>\r\n            <\/div>\r\n                                <div class=\"col-9\">\r\n                <h1>W\u00e4hlen Sie Ihren Platz und erleben Sie die Magie<\/h1>\r\n            <\/div>\r\n                                <div class=\"col-12\">\r\n                <p class=\"simple-text\">Mit einem unvergleichlichen Klangerlebnis sorgen wir daf\u00fcr, dass Sie ein perfekt inszeniertes Konzert genie\u00dfen. W\u00e4hlen Sie eine Kategorie und Ihre gew\u00fcnschten Sitzpl\u00e4tze.\r\nWir freuen uns darauf, Sie in der beeindruckenden \u201eImperial Hall\u201c zu einem unvergesslichen Abend in Wien willkommen zu hei\u00dfen.<\/p>\r\n            <\/div>\r\n                <\/div>\r\n<\/article>\n\n<div class=\"wp-block-image\">\n<figure class=\"aligncenter size-large\"><img fetchpriority=\"high\" decoding=\"async\" width=\"724\" height=\"1024\" src=\"https:\/\/royal-classic.at\/wp-content\/uploads\/2026\/02\/13-OK-01-724x1024.jpg\" alt=\"\" class=\"wp-image-5015\" srcset=\"https:\/\/royal-classic.at\/wp-content\/uploads\/2026\/02\/13-OK-01-724x1024.jpg 724w, https:\/\/royal-classic.at\/wp-content\/uploads\/2026\/02\/13-OK-01-212x300.jpg 212w, https:\/\/royal-classic.at\/wp-content\/uploads\/2026\/02\/13-OK-01-768x1087.jpg 768w, https:\/\/royal-classic.at\/wp-content\/uploads\/2026\/02\/13-OK-01-100x142.jpg 100w, https:\/\/royal-classic.at\/wp-content\/uploads\/2026\/02\/13-OK-01.jpg 800w\" sizes=\"(max-width: 724px) 100vw, 724px\" \/><\/figure>\n<\/div>\n\n<\/div>\r\n<\/div>\r\n    <article class=\"m10\">\r\n\r\n        <script>\r\n            function initMap() {\r\n                var mapOptions = {\r\n                    zoom: 15,\r\n                    center: new google.maps.LatLng(48.2015474, 16.3766125),\r\n                    mapTypeId: 'roadmap',\r\n                    disableDefaultUI: true\r\n                };\r\n                var map = new google.maps.Map(document.getElementById('map'), mapOptions);\r\n\r\n                var goldenGatePosition = {lat: 48.2015474,lng: 16.3766125};\r\n                var marker = new google.maps.Marker({\r\n                    position: goldenGatePosition,\r\n                    map: map,\r\n                    title: 'Imperial Hall',\r\n                    icon: '\/wp-content\/themes\/royal-classic\/images\/icons\/pin.svg'\r\n                });\r\n                var contentString = '<div id=\"content\"><h3>Imperial Hall<\/h3><p class=\"eyebrow gray\">Beethovenplatz 1. 1010 Vienna<\/p><\/div><a class=\"btn  d-inline-block primary-button\" href=\"\/program\/\" target=\"_self\">See Program<\/a>';\r\n\r\n                var infowindow = new google.maps.InfoWindow({\r\n                    content: contentString,\r\n                });\r\n\r\n                marker.addListener('click', function() {\r\n                    infowindow.open(map, marker);\r\n                });\r\n                \/\/infowindow.open(map, marker);\r\n            }\r\n        <\/script>\r\n        <div id=\"map\"><\/div>\r\n        <script async defer\r\n                src=\"https:\/\/maps.googleapis.com\/maps\/api\/js?key=AIzaSyCmemH5GEShbAWUW7jd4_0YlGzhV9WJeU4&#038;callback=initMap\">\r\n        <\/script>\r\n\r\n    <\/article>\r\n<div class=\"all\">\r\n<div class=\"container\">\n\n\n\n","protected":false},"excerpt":{"rendered":"","protected":false},"author":21,"featured_media":0,"parent":121,"menu_order":6,"comment_status":"closed","ping_status":"closed","template":"","meta":{"footnotes":""},"class_list":["post-4994","page","type-page","status-publish","hentry"],"acf":[],"yoast_head":"<!-- This site is optimized with the Yoast SEO plugin v18.1 - https:\/\/yoast.com\/wordpress\/plugins\/seo\/ -->\n<meta name=\"robots\" content=\"index, follow, max-snippet:-1, max-image-preview:large, max-video-preview:-1\" \/>\n<link rel=\"canonical\" href=\"https:\/\/royal-classic.at\/de\/halls\/imperial-hall\/\" \/>\n<meta property=\"og:locale\" content=\"de_DE\" \/>\n<meta property=\"og:type\" content=\"article\" \/>\n<meta property=\"og:title\" content=\"Imperial Hall - Wiener Royal Orchester\" \/>\n<meta property=\"og:url\" content=\"https:\/\/royal-classic.at\/de\/halls\/imperial-hall\/\" \/>\n<meta property=\"og:site_name\" content=\"Wiener Royal Orchester\" \/>\n<meta property=\"article:modified_time\" content=\"2026-02-04T23:28:57+00:00\" \/>\n<meta property=\"og:image\" content=\"https:\/\/royal-classic.at\/wp-content\/uploads\/2026\/02\/13-OK-01-724x1024.jpg\" \/>\n<meta name=\"twitter:card\" content=\"summary_large_image\" \/>\n<script type=\"application\/ld+json\" class=\"yoast-schema-graph\">{\"@context\":\"https:\/\/schema.org\",\"@graph\":[{\"@type\":\"WebSite\",\"@id\":\"https:\/\/royal-classic.at\/#website\",\"url\":\"https:\/\/royal-classic.at\/\",\"name\":\"Wiener Royal Orchester\",\"description\":\"\",\"potentialAction\":[{\"@type\":\"SearchAction\",\"target\":{\"@type\":\"EntryPoint\",\"urlTemplate\":\"https:\/\/royal-classic.at\/?s={search_term_string}\"},\"query-input\":\"required name=search_term_string\"}],\"inLanguage\":\"de\"},{\"@type\":\"ImageObject\",\"@id\":\"https:\/\/royal-classic.at\/de\/halls\/imperial-hall\/#primaryimage\",\"inLanguage\":\"de\",\"url\":\"https:\/\/royal-classic.at\/wp-content\/uploads\/2026\/02\/13-OK-01.jpg\",\"contentUrl\":\"https:\/\/royal-classic.at\/wp-content\/uploads\/2026\/02\/13-OK-01.jpg\",\"width\":800,\"height\":1132},{\"@type\":\"WebPage\",\"@id\":\"https:\/\/royal-classic.at\/de\/halls\/imperial-hall\/#webpage\",\"url\":\"https:\/\/royal-classic.at\/de\/halls\/imperial-hall\/\",\"name\":\"Imperial Hall - Wiener Royal Orchester\",\"isPartOf\":{\"@id\":\"https:\/\/royal-classic.at\/#website\"},\"primaryImageOfPage\":{\"@id\":\"https:\/\/royal-classic.at\/de\/halls\/imperial-hall\/#primaryimage\"},\"datePublished\":\"2026-02-04T22:54:47+00:00\",\"dateModified\":\"2026-02-04T23:28:57+00:00\",\"breadcrumb\":{\"@id\":\"https:\/\/royal-classic.at\/de\/halls\/imperial-hall\/#breadcrumb\"},\"inLanguage\":\"de\",\"potentialAction\":[{\"@type\":\"ReadAction\",\"target\":[\"https:\/\/royal-classic.at\/de\/halls\/imperial-hall\/\"]}]},{\"@type\":\"BreadcrumbList\",\"@id\":\"https:\/\/royal-classic.at\/de\/halls\/imperial-hall\/#breadcrumb\",\"itemListElement\":[{\"@type\":\"ListItem\",\"position\":1,\"name\":\"Home\",\"item\":\"https:\/\/royal-classic.at\/de\/\"},{\"@type\":\"ListItem\",\"position\":2,\"name\":\"Halls\",\"item\":\"https:\/\/royal-classic.at\/de\/halls\/\"},{\"@type\":\"ListItem\",\"position\":3,\"name\":\"Imperial Hall\"}]}]}<\/script>\n<!-- \/ Yoast SEO plugin. -->","yoast_head_json":{"robots":{"index":"index","follow":"follow","max-snippet":"max-snippet:-1","max-image-preview":"max-image-preview:large","max-video-preview":"max-video-preview:-1"},"canonical":"https:\/\/royal-classic.at\/de\/halls\/imperial-hall\/","og_locale":"de_DE","og_type":"article","og_title":"Imperial Hall - Wiener Royal Orchester","og_url":"https:\/\/royal-classic.at\/de\/halls\/imperial-hall\/","og_site_name":"Wiener Royal Orchester","article_modified_time":"2026-02-04T23:28:57+00:00","og_image":[{"url":"https:\/\/royal-classic.at\/wp-content\/uploads\/2026\/02\/13-OK-01-724x1024.jpg"}],"twitter_card":"summary_large_image","schema":{"@context":"https:\/\/schema.org","@graph":[{"@type":"WebSite","@id":"https:\/\/royal-classic.at\/#website","url":"https:\/\/royal-classic.at\/","name":"Wiener Royal Orchester","description":"","potentialAction":[{"@type":"SearchAction","target":{"@type":"EntryPoint","urlTemplate":"https:\/\/royal-classic.at\/?s={search_term_string}"},"query-input":"required name=search_term_string"}],"inLanguage":"de"},{"@type":"ImageObject","@id":"https:\/\/royal-classic.at\/de\/halls\/imperial-hall\/#primaryimage","inLanguage":"de","url":"https:\/\/royal-classic.at\/wp-content\/uploads\/2026\/02\/13-OK-01.jpg","contentUrl":"https:\/\/royal-classic.at\/wp-content\/uploads\/2026\/02\/13-OK-01.jpg","width":800,"height":1132},{"@type":"WebPage","@id":"https:\/\/royal-classic.at\/de\/halls\/imperial-hall\/#webpage","url":"https:\/\/royal-classic.at\/de\/halls\/imperial-hall\/","name":"Imperial Hall - Wiener Royal Orchester","isPartOf":{"@id":"https:\/\/royal-classic.at\/#website"},"primaryImageOfPage":{"@id":"https:\/\/royal-classic.at\/de\/halls\/imperial-hall\/#primaryimage"},"datePublished":"2026-02-04T22:54:47+00:00","dateModified":"2026-02-04T23:28:57+00:00","breadcrumb":{"@id":"https:\/\/royal-classic.at\/de\/halls\/imperial-hall\/#breadcrumb"},"inLanguage":"de","potentialAction":[{"@type":"ReadAction","target":["https:\/\/royal-classic.at\/de\/halls\/imperial-hall\/"]}]},{"@type":"BreadcrumbList","@id":"https:\/\/royal-classic.at\/de\/halls\/imperial-hall\/#breadcrumb","itemListElement":[{"@type":"ListItem","position":1,"name":"Home","item":"https:\/\/royal-classic.at\/de\/"},{"@type":"ListItem","position":2,"name":"Halls","item":"https:\/\/royal-classic.at\/de\/halls\/"},{"@type":"ListItem","position":3,"name":"Imperial Hall"}]}]}},"_links":{"self":[{"href":"https:\/\/royal-classic.at\/de\/wp-json\/wp\/v2\/pages\/4994","targetHints":{"allow":["GET"]}}],"collection":[{"href":"https:\/\/royal-classic.at\/de\/wp-json\/wp\/v2\/pages"}],"about":[{"href":"https:\/\/royal-classic.at\/de\/wp-json\/wp\/v2\/types\/page"}],"author":[{"embeddable":true,"href":"https:\/\/royal-classic.at\/de\/wp-json\/wp\/v2\/users\/21"}],"replies":[{"embeddable":true,"href":"https:\/\/royal-classic.at\/de\/wp-json\/wp\/v2\/comments?post=4994"}],"version-history":[{"count":10,"href":"https:\/\/royal-classic.at\/de\/wp-json\/wp\/v2\/pages\/4994\/revisions"}],"predecessor-version":[{"id":5020,"href":"https:\/\/royal-classic.at\/de\/wp-json\/wp\/v2\/pages\/4994\/revisions\/5020"}],"up":[{"embeddable":true,"href":"https:\/\/royal-classic.at\/de\/wp-json\/wp\/v2\/pages\/121"}],"wp:attachment":[{"href":"https:\/\/royal-classic.at\/de\/wp-json\/wp\/v2\/media?parent=4994"}],"curies":[{"name":"wp","href":"https:\/\/api.w.org\/{rel}","templated":true}]}}