{"id":2984,"date":"2023-08-24T13:29:53","date_gmt":"2023-08-24T11:29:53","guid":{"rendered":"https:\/\/royal-classic.at\/?page_id=2984"},"modified":"2023-09-04T18:22:43","modified_gmt":"2023-09-04T16:22:43","slug":"karlskirche","status":"publish","type":"page","link":"https:\/\/royal-classic.at\/de\/karlskirche\/","title":{"rendered":"Karlskirche"},"content":{"rendered":"\n<div class=\"wp-block-cover is-light\" style=\"min-height:669px;aspect-ratio:unset;\"><span aria-hidden=\"true\" class=\"has-white-background-color has-background-dim-80 wp-block-cover__gradient-background has-background-dim\"><\/span><img fetchpriority=\"high\" decoding=\"async\" width=\"800\" height=\"584\" class=\"wp-block-cover__image-background wp-image-3010\" alt=\"\" src=\"https:\/\/royal-classic.at\/wp-content\/uploads\/2023\/09\/Karlskirche.jpg\" data-object-fit=\"cover\" srcset=\"https:\/\/royal-classic.at\/wp-content\/uploads\/2023\/09\/Karlskirche.jpg 800w, https:\/\/royal-classic.at\/wp-content\/uploads\/2023\/09\/Karlskirche-300x219.jpg 300w, https:\/\/royal-classic.at\/wp-content\/uploads\/2023\/09\/Karlskirche-768x561.jpg 768w, https:\/\/royal-classic.at\/wp-content\/uploads\/2023\/09\/Karlskirche-100x73.jpg 100w\" sizes=\"(max-width: 800px) 100vw, 800px\" \/><div class=\"wp-block-cover__inner-container is-layout-flow wp-block-cover-is-layout-flow\">\n<h2 class=\"wp-block-heading\"><strong>Karlskirche, Karlsplatz 10, 1040 Wien<\/strong><\/h2>\n\n\n\n<p><strong>am Donnerstag, 21.September 2023, 20:00 Uhr<\/strong><\/p>\n\n\n\n<p>In Kooperation mit dem Verein <strong>TogetherWeCoeur <\/strong>spielt  das <strong>Wiener Royal Orcheste<\/strong>r ein exklusives Benefizkonzert                                                                                  <\/p>\n\n\n\n<p>in der Wiener Karlskirche.<\/p>\n\n\n\n<p>Das ausgew\u00e4hlte Konzert-Programm bietet einen Querschnitt durch die weltber\u00fchmte Klassik und wurde von Michal Hudak, dem Musikalischen Direktor des Wiener Royal Orchesters, speziell f\u00fcr diesen Abend zusammengestellt.<\/p>\n\n\n\n<p><strong>MUSIKALISCHE GESTALTUNG:<\/strong><\/p>\n\n\n\n<p><strong>Antonio Vivaldi<\/strong>&#8211; aus &#8222;Le quattro stagioni (4 Jahreszeiten) \u2013<\/p>\n\n\n\n<p>&#8222;L&#8217;estate (Der Sommer)&#8220;Op. 8, Nr.2, RV 315<\/p>\n\n\n\n<p>1. Allegro non molto<\/p>\n\n\n\n<p>2. Adagio<\/p>\n\n\n\n<p>3. Presto<\/p>\n<\/div><\/div>\n\n\n\n<div class=\"wp-block-cover is-light\"><span aria-hidden=\"true\" class=\"has-white-background-color has-background-dim-80 wp-block-cover__gradient-background has-background-dim\"><\/span><img decoding=\"async\" width=\"1361\" height=\"908\" class=\"wp-block-cover__image-background wp-image-3019\" alt=\"\" src=\"https:\/\/royal-classic.at\/wp-content\/uploads\/2023\/09\/2.jpeg\" data-object-fit=\"cover\" srcset=\"https:\/\/royal-classic.at\/wp-content\/uploads\/2023\/09\/2.jpeg 1361w, https:\/\/royal-classic.at\/wp-content\/uploads\/2023\/09\/2-300x200.jpeg 300w, https:\/\/royal-classic.at\/wp-content\/uploads\/2023\/09\/2-1024x683.jpeg 1024w, https:\/\/royal-classic.at\/wp-content\/uploads\/2023\/09\/2-768x512.jpeg 768w, https:\/\/royal-classic.at\/wp-content\/uploads\/2023\/09\/2-100x67.jpeg 100w\" sizes=\"(max-width: 1361px) 100vw, 1361px\" \/><div class=\"wp-block-cover__inner-container is-layout-flow wp-block-cover-is-layout-flow\">\n<p><strong>Wolfgang Amadeus Mozart<\/strong> &#8211; Ave verum corpus K. 618, Sopran: Anna Ryan<\/p>\n\n\n\n<p><strong>Edvard Grieg<\/strong> &#8211; Aus Holbergs Zeit &#8211; Suite im alten Stil, op.40<\/p>\n\n\n\n<p>1. Pr\u00e4ludium (Allegro vivace)<\/p>\n\n\n\n<p>2. Sarabanda<\/p>\n\n\n\n<p>&nbsp;5. Rigaudon (Allegro con brio)<\/p>\n\n\n\n<p><strong>Giulio Caccini-<\/strong>Ave Maria, Sopran: Anna Ryan<\/p>\n\n\n\n<p><strong>Pjotr Iljitsch Tschaikowski<\/strong>&#8211; Andante cantabile<\/p>\n\n\n\n<p><strong>Cesar Franck &#8211; <\/strong>Panis Angelicus, Sopran: Anna Ryan<\/p>\n\n\n\n<p><strong>Ludwig van Beethoven \u2013 <\/strong>7 Variationen \u00fcber Thema &#8222;God save the King&#8220;,<\/p>\n\n\n\n<p>Transkription f\u00fcr solo Violine und Orchester im Stil von Fritz Kreisler<\/p>\n\n\n\n\n\n\n\n<p><strong>Anna Ryan <\/strong>SOPRAN<\/p>\n\n\n\n<p><strong>Wiener Royal Orchester<\/strong><\/p>\n\n\n\n<p><strong>Michal Hudak <\/strong>VIOLINE SOLO, MUSIKALISCHE LEITUNG<\/p>\n<\/div><\/div>\n","protected":false},"excerpt":{"rendered":"","protected":false},"author":8,"featured_media":0,"parent":0,"menu_order":0,"comment_status":"closed","ping_status":"closed","template":"template-single.php","meta":{"footnotes":""},"class_list":["post-2984","page","type-page","status-publish","hentry"],"acf":[],"yoast_head":"<!-- This site is optimized with the Yoast SEO plugin v18.1 - https:\/\/yoast.com\/wordpress\/plugins\/seo\/ -->\n<meta name=\"robots\" content=\"index, follow, max-snippet:-1, max-image-preview:large, max-video-preview:-1\" \/>\n<link rel=\"canonical\" href=\"https:\/\/royal-classic.at\/de\/karlskirche\/\" \/>\n<meta property=\"og:locale\" content=\"de_DE\" \/>\n<meta property=\"og:type\" content=\"article\" \/>\n<meta property=\"og:title\" content=\"Karlskirche - Wiener Royal Orchester\" \/>\n<meta property=\"og:url\" content=\"https:\/\/royal-classic.at\/de\/karlskirche\/\" \/>\n<meta property=\"og:site_name\" content=\"Wiener Royal Orchester\" \/>\n<meta property=\"article:modified_time\" content=\"2023-09-04T16:22:43+00:00\" \/>\n<meta property=\"og:image\" content=\"https:\/\/royal-classic.at\/wp-content\/uploads\/2023\/09\/Karlskirche.jpg\" \/>\n<meta name=\"twitter:card\" content=\"summary_large_image\" \/>\n<meta name=\"twitter:label1\" content=\"Gesch\u00e4tzte Lesezeit\" \/>\n\t<meta name=\"twitter:data1\" content=\"1\u00a0Minute\" \/>\n<script type=\"application\/ld+json\" class=\"yoast-schema-graph\">{\"@context\":\"https:\/\/schema.org\",\"@graph\":[{\"@type\":\"WebSite\",\"@id\":\"https:\/\/royal-classic.at\/#website\",\"url\":\"https:\/\/royal-classic.at\/\",\"name\":\"Wiener Royal Orchester\",\"description\":\"\",\"potentialAction\":[{\"@type\":\"SearchAction\",\"target\":{\"@type\":\"EntryPoint\",\"urlTemplate\":\"https:\/\/royal-classic.at\/?s={search_term_string}\"},\"query-input\":\"required name=search_term_string\"}],\"inLanguage\":\"de\"},{\"@type\":\"ImageObject\",\"@id\":\"https:\/\/royal-classic.at\/de\/karlskirche\/#primaryimage\",\"inLanguage\":\"de\",\"url\":\"https:\/\/royal-classic.at\/wp-content\/uploads\/2023\/09\/Karlskirche.jpg\",\"contentUrl\":\"https:\/\/royal-classic.at\/wp-content\/uploads\/2023\/09\/Karlskirche.jpg\",\"width\":800,\"height\":584},{\"@type\":\"WebPage\",\"@id\":\"https:\/\/royal-classic.at\/de\/karlskirche\/#webpage\",\"url\":\"https:\/\/royal-classic.at\/de\/karlskirche\/\",\"name\":\"Karlskirche - Wiener Royal Orchester\",\"isPartOf\":{\"@id\":\"https:\/\/royal-classic.at\/#website\"},\"primaryImageOfPage\":{\"@id\":\"https:\/\/royal-classic.at\/de\/karlskirche\/#primaryimage\"},\"datePublished\":\"2023-08-24T11:29:53+00:00\",\"dateModified\":\"2023-09-04T16:22:43+00:00\",\"breadcrumb\":{\"@id\":\"https:\/\/royal-classic.at\/de\/karlskirche\/#breadcrumb\"},\"inLanguage\":\"de\",\"potentialAction\":[{\"@type\":\"ReadAction\",\"target\":[\"https:\/\/royal-classic.at\/de\/karlskirche\/\"]}]},{\"@type\":\"BreadcrumbList\",\"@id\":\"https:\/\/royal-classic.at\/de\/karlskirche\/#breadcrumb\",\"itemListElement\":[{\"@type\":\"ListItem\",\"position\":1,\"name\":\"Home\",\"item\":\"https:\/\/royal-classic.at\/de\/\"},{\"@type\":\"ListItem\",\"position\":2,\"name\":\"Karlskirche\"}]}]}<\/script>\n<!-- \/ Yoast SEO plugin. -->","yoast_head_json":{"robots":{"index":"index","follow":"follow","max-snippet":"max-snippet:-1","max-image-preview":"max-image-preview:large","max-video-preview":"max-video-preview:-1"},"canonical":"https:\/\/royal-classic.at\/de\/karlskirche\/","og_locale":"de_DE","og_type":"article","og_title":"Karlskirche - Wiener Royal Orchester","og_url":"https:\/\/royal-classic.at\/de\/karlskirche\/","og_site_name":"Wiener Royal Orchester","article_modified_time":"2023-09-04T16:22:43+00:00","og_image":[{"url":"https:\/\/royal-classic.at\/wp-content\/uploads\/2023\/09\/Karlskirche.jpg"}],"twitter_card":"summary_large_image","twitter_misc":{"Gesch\u00e4tzte Lesezeit":"1\u00a0Minute"},"schema":{"@context":"https:\/\/schema.org","@graph":[{"@type":"WebSite","@id":"https:\/\/royal-classic.at\/#website","url":"https:\/\/royal-classic.at\/","name":"Wiener Royal Orchester","description":"","potentialAction":[{"@type":"SearchAction","target":{"@type":"EntryPoint","urlTemplate":"https:\/\/royal-classic.at\/?s={search_term_string}"},"query-input":"required name=search_term_string"}],"inLanguage":"de"},{"@type":"ImageObject","@id":"https:\/\/royal-classic.at\/de\/karlskirche\/#primaryimage","inLanguage":"de","url":"https:\/\/royal-classic.at\/wp-content\/uploads\/2023\/09\/Karlskirche.jpg","contentUrl":"https:\/\/royal-classic.at\/wp-content\/uploads\/2023\/09\/Karlskirche.jpg","width":800,"height":584},{"@type":"WebPage","@id":"https:\/\/royal-classic.at\/de\/karlskirche\/#webpage","url":"https:\/\/royal-classic.at\/de\/karlskirche\/","name":"Karlskirche - Wiener Royal Orchester","isPartOf":{"@id":"https:\/\/royal-classic.at\/#website"},"primaryImageOfPage":{"@id":"https:\/\/royal-classic.at\/de\/karlskirche\/#primaryimage"},"datePublished":"2023-08-24T11:29:53+00:00","dateModified":"2023-09-04T16:22:43+00:00","breadcrumb":{"@id":"https:\/\/royal-classic.at\/de\/karlskirche\/#breadcrumb"},"inLanguage":"de","potentialAction":[{"@type":"ReadAction","target":["https:\/\/royal-classic.at\/de\/karlskirche\/"]}]},{"@type":"BreadcrumbList","@id":"https:\/\/royal-classic.at\/de\/karlskirche\/#breadcrumb","itemListElement":[{"@type":"ListItem","position":1,"name":"Home","item":"https:\/\/royal-classic.at\/de\/"},{"@type":"ListItem","position":2,"name":"Karlskirche"}]}]}},"_links":{"self":[{"href":"https:\/\/royal-classic.at\/de\/wp-json\/wp\/v2\/pages\/2984","targetHints":{"allow":["GET"]}}],"collection":[{"href":"https:\/\/royal-classic.at\/de\/wp-json\/wp\/v2\/pages"}],"about":[{"href":"https:\/\/royal-classic.at\/de\/wp-json\/wp\/v2\/types\/page"}],"author":[{"embeddable":true,"href":"https:\/\/royal-classic.at\/de\/wp-json\/wp\/v2\/users\/8"}],"replies":[{"embeddable":true,"href":"https:\/\/royal-classic.at\/de\/wp-json\/wp\/v2\/comments?post=2984"}],"version-history":[{"count":5,"href":"https:\/\/royal-classic.at\/de\/wp-json\/wp\/v2\/pages\/2984\/revisions"}],"predecessor-version":[{"id":3022,"href":"https:\/\/royal-classic.at\/de\/wp-json\/wp\/v2\/pages\/2984\/revisions\/3022"}],"wp:attachment":[{"href":"https:\/\/royal-classic.at\/de\/wp-json\/wp\/v2\/media?parent=2984"}],"curies":[{"name":"wp","href":"https:\/\/api.w.org\/{rel}","templated":true}]}}